{"id":10,"date":"2018-12-18T20:40:24","date_gmt":"2018-12-18T20:40:24","guid":{"rendered":"https:\/\/kanzlei-endingen.de\/blog\/?page_id=10"},"modified":"2022-07-08T10:38:50","modified_gmt":"2022-07-08T08:38:50","slug":"datenschutz","status":"publish","type":"page","link":"https:\/\/kanzlei-endingen.de\/blog\/?page_id=10","title":{"rendered":"Datenschutz"},"content":{"rendered":"\n<h3>Datenschutzerkl\u00e4rung<\/h3>\n\n\n\n<h4>Name und Anschrift des Verantwortlichen<\/h4>\n\n\n\n<p>Rechtsanw\u00e4lte Kleine GbR<\/p>\n\n\n\n<p>Rechtsanwalt Georg Kleine, LL.M.<br>Eisenbahnstra\u00dfe 3<br>79346 Endingen<br>info (at)kanzlei-endingen.de (bitte ersetzen Sie (at) durch das @-Zeichen)<\/p>\n\n\n\n<h4>Grunds\u00e4tzlicher Umfang der Verarbeitung personenbezogener Daten <\/h4>\n\n\n\n<p>Wir verarbeiten personenbezogene Daten unserer Nutzer grunds\u00e4tzlich nur, soweit dies zur Bereitstellung einer funktionsf\u00e4higen Website sowieunserer Inhalte und Leistungen erforderlich ist. Die Verarbeitung  personenbezogener Daten unserer Nutzer erfolgt regelm\u00e4\u00dfig nur nach Einwilligung des Nutzers. Eine Ausnahme gilt in solchen F\u00e4llen, indenen eine vorherige Einholung einer Einwilligung aus tats\u00e4chlichenGr\u00fcnden nicht m\u00f6glich ist und die Verarbeitung der Daten durchgesetzliche Vorschriften gestattet ist. <\/p>\n\n\n\n<h4>Datenl\u00f6schung und Speicherdauer<\/h4>\n\n\n\n<p>Die\npersonenbezogenen Daten der betroffenen Person werden gel\u00f6scht oder\ngesperrt, sobald der Zweck der Speicherung entf\u00e4llt. Eine\nSpeicherung kann dar\u00fcber hinaus erfolgen, wenn dies durch den\neurop\u00e4ischen oder nationalen Gesetzgeber in unionsrechtlichen\nVerordnungen, Gesetzen oder sonstigen Vorschriften, denen der\nVerantwortliche unterliegt, vorgesehen wurde. Eine Sperrung oder\nL\u00f6schung der Daten erfolgt auch dann, wenn eine durch die genannten\nNormen vorgeschriebene Speicherfrist abl\u00e4uft, es sei denn, dass eine\nErforderlichkeit zur weiteren Speicherung der Daten f\u00fcr einen\nVertragsabschluss oder eine Vertragserf\u00fcllung besteht.<\/p>\n\n\n\n<h4>Beschreibung und Umfang der Datenverarbeitung <\/h4>\n\n\n\n<h5>Server-Logfiles<\/h5>\n\n\n\n<p>Bei\njedem Aufruf unserer Internetseite erfasst unser System automatisiert\nDaten und Informationen vom Computersystem des aufrufenden Rechners. \n<\/p>\n\n\n\n<p>Folgende\nDaten werden hierbei erhoben:<\/p>\n\n\n\n<p>(1)\nInformationen \u00fcber den Browsertyp und die verwendete Version<\/p>\n\n\n\n<p>(2)\nDas Betriebssystem des Nutzers<\/p>\n\n\n\n<p>(3)\nDie IP-Adresse des Nutzers<\/p>\n\n\n\n<p>(4) Datum und Uhrzeit des Zugriffs<\/p>\n\n\n\n<p>(5)\nWebsites, von denen das System des Nutzers auf unsere Internetseite\ngelangt \n<\/p>\n\n\n\n<p>Rechtsgrundlage f\u00fcr die vor\u00fcbergehende Speicherung der Daten und der Logfiles ist Art.&nbsp;6 Abs.&nbsp;1 lit.&nbsp;f DSGVO. <\/p>\n\n\n\n<p>Die\nvor\u00fcbergehende Speicherung der IP-Adresse durch das System ist\nnotwendig, um eine Auslieferung der Website an den Rechner des\nNutzers zu erm\u00f6glichen. Hierf\u00fcr muss die IP-Adresse des Nutzers f\u00fcr\ndie Dauer der Sitzung gespeichert bleiben. Die Speicherung in\nLogfiles erfolgt, um die Funktionsf\u00e4higkeit der Website\nsicherzustellen. Zudem dienen uns die Daten zur Optimierung der\nWebsite und zur Sicherstellung der Sicherheit unserer\ninformationstechnischen Systeme. Eine Auswertung der Daten zu\nMarketingzwecken findet in diesem Zusammenhang nicht statt. \n<\/p>\n\n\n\n<p>In diesen Zwecken liegt auch unser berechtigtes Interesse an der Datenverarbeitung nach Art.&nbsp;6 Abs.&nbsp;1 lit.&nbsp;f DSGVO. Wegen der kurzen Speicherfrist und unserem hohen Interesse am Schutz des eigenen Systems \u00fcberwiegt unser Interesse Ihr Interesse an der Nichtverarbeitung der Daten.<\/p>\n\n\n\n<p>Die Daten werden gel\u00f6scht, sobald sie f\u00fcr die Erreichung des Zweckes ihrer Erhebung nicht mehr erforderlich sind. Im Falle der Erfassung der Daten zur Bereitstellung der Website ist dies der Fall, wenn die jeweilige Sitzung beendet ist. Im Falle der Speicherung der Daten in Logfiles ist dies nach sp\u00e4testens sieben Tagen der Fall. Eine dar\u00fcberhinausgehende Speicherung ist m\u00f6glich. In diesem Fall werden die IP-Adressen der Nutzer gel\u00f6scht oder verfremdet, sodass eine Zuordnung des aufrufenden Clients nicht mehr m\u00f6glich ist. <\/p>\n\n\n\n<h5>Email-Kommunikation<\/h5>\n\n\n\n<p>Sie\nhaben die M\u00f6glichkeit, uns per E-Mail zu kontaktieren. In diesem\nFall werden die mit der E-Mail \u00fcbermittelten personenbezogenen Daten\ndes Nutzers gespeichert. \n<\/p>\n\n\n\n<p>Es\nerfolgt in diesem Zusammenhang keine Weitergabe der Daten an Dritte.\nDie Daten werden ausschlie\u00dflich f\u00fcr die Verarbeitung der\nKonversation verwendet.<\/p>\n\n\n\n<p>Rechtsgrundlage\nf\u00fcr die Verarbeitung der Daten, die im Zuge einer \u00dcbersendung einer\nE-Mail \u00fcbermittelt werden, ist Art.&nbsp;6 Abs.&nbsp;1 lit.&nbsp;f\nDSGVO. Zielt der E-Mail-Kontakt auf den Abschluss eines Vertrages ab,\nso ist zus\u00e4tzliche Rechtsgrundlage f\u00fcr die Verarbeitung Art.&nbsp;6\nAbs.&nbsp;1 lit.&nbsp;b DSGVO.<\/p>\n\n\n\n<p>Im Falle einer Kontaktaufnahme per E-Mail liegt hieran, in der Anbahnung eines Vertragsverh\u00e4ltnisses, auch das erforderliche berechtigte Interesse an der Verarbeitung der Daten. Dieses \u00fcberwiegt Ihr Interesse an der Nichtspeicherung, zumal Sie jederzeit die M\u00f6glichkeit haben, die Kommunikation abzubrechen und auch eine L\u00f6schung Ihrer Daten zu verlangen.<\/p>\n\n\n\n<p>Sollte die Kommunikation nicht in ein Mandatsverh\u00e4ltnis m\u00fcnden (in diesem Fall erfolgt ein gesonderte Belehrung) gilt Folgendes: <\/p>\n\n\n\n<p>Die Daten werden gel\u00f6scht, sobald sie f\u00fcr die Erreichung des Zweckes ihrer Erhebung nicht mehr erforderlich sind, soweit nicht gesetzliche Gr\u00fcnde entgegen stehen oder ein Mandatsverh\u00e4ltnis entsteht. F\u00fcr die personenbezogenen Daten, die per E-Mail \u00fcbersandt wurden, ist dies dann der Fall, wenn die jeweilige Konversation mit dem Nutzer beendet ist. Beendet ist die Konversation dann, wenn sich aus den Umst\u00e4nden entnehmen l\u00e4sst, dass der betroffene Sachverhalt abschlie\u00dfend gekl\u00e4rt ist.  <\/p>\n\n\n\n<p>Der\nNutzer hat jederzeit die M\u00f6glichkeit, seine Einwilligung zur\nVerarbeitung der personenbezogenen Daten zu widerrufen. Nimmt der\nNutzer per E-Mail Kontakt mit uns auf, so kann er der Speicherung\nseiner personenbezogenen Daten jederzeit widersprechen. In einem\nsolchen Fall kann die Konversation nicht fortgef\u00fchrt werden. Sollten\nSie von ihren Rechten insofern Gebrauch machen wollen, kontaktieren\nSie uns bitte unter den im Impressum hinterlegten Kontaktdaten oder\nunter info (at) kanzlei-endingen.de (bitte (at) durch das @-Zeichen\nersetzen). \n<\/p>\n\n\n\n<p>Alle personenbezogenen Daten, die im Zuge der Kontaktaufnahme gespeichert wurden, werden in diesem Fall gel\u00f6scht.<\/p>\n\n\n\n<p>Werden personenbezogene Daten von Ihnen verarbeitet, sind Sie Betroffener i.S.d. DSGVO und es stehen Ihnen folgende Rechte gegen\u00fcber dem Verantwortlichen zu:<\/p>\n\n\n\n<h4>Auskunftsrecht <\/h4>\n\n\n\n<p>Sie k\u00f6nnen von dem Verantwortlichen eine Best\u00e4tigung dar\u00fcber verlangen, ob personenbezogene Daten, die Sie betreffen, von uns verarbeitet werden.  <\/p>\n\n\n\n<p>Liegt eine solche Verarbeitung vor, k\u00f6nnen Sie von dem Verantwortlichen \u00fcber folgende Informationen Auskunft verlangen:<\/p>\n\n\n\n<p>\n(1) die\nZwecke, zu denen die personenbezogenen Daten verarbeitet werden;<\/p>\n\n\n\n<p> (2) die Kategorien von personenbezogenen Daten, welche verarbeitet werden (Name, Adressdaten etc.);<\/p>\n\n\n\n<p> (3) die Empf\u00e4nger bzw. die Kategorien von Empf\u00e4ngern, gegen\u00fcber denen die Sie betreffenden personenbezogenen Daten offengelegt wurden oder noch offengelegt werden;<\/p>\n\n\n\n<p>\n(4) die\ngeplante Dauer der Speicherung der Sie betreffenden personenbezogenen\nDaten oder, falls konkrete Angaben hierzu nicht m\u00f6glich sind,\nKriterien f\u00fcr die Festlegung der Speicherdauer;<\/p>\n\n\n\n<p> (5) das Bestehen eines Rechts auf Berichtigung oder L\u00f6schung der Sie betreffenden personenbezogenen Daten, eines Rechts auf Einschr\u00e4nkung der Verarbeitung durch den Verantwortlichen oder eines Widerspruchsrechts gegen diese Verarbeitung, zu diesen Rechten siehe weiter unten;  <\/p>\n\n\n\n<p>\n(6) das\nBestehen eines Beschwerderechts bei einer Aufsichtsbeh\u00f6rde;<\/p>\n\n\n\n<p>\n(7) alle\nverf\u00fcgbaren Informationen \u00fcber die Herkunft der Daten, wenn die\npersonenbezogenen Daten nicht bei der betroffenen Person erhoben\nwerden;<\/p>\n\n\n\n<p> (8) das Bestehen einer automatisierten Entscheidungsfindung einschlie\u00dflich Profiling gem\u00e4\u00df Art.&nbsp;22 Abs.&nbsp;1 und 4 DSGVO und \u2013 zumindest in diesen F\u00e4llen \u2013 aussagekr\u00e4ftige Informationen \u00fcber die involvierte Logik sowie die Tragweite und die angestrebten Auswirkungen einer derartigen Verarbeitung f\u00fcr die betroffene Person.<\/p>\n\n\n\n<p>Ein Profiling durch uns findet nicht statt.<\/p>\n\n\n\n<p>Ihnen steht das Recht zu, Auskunft dar\u00fcber zu verlangen, ob die Sie betreffenden personenbezogenen Daten in ein Drittland oder an eine internationale Organisation \u00fcbermittelt werden. In diesem Zusammenhang k\u00f6nnen Sie verlangen, \u00fcber die geeigneten Garantien gem. Art.&nbsp;46 DSGVO im Zusammenhang mit der \u00dcbermittlung unterrichtet zu werden.<\/p>\n\n\n\n<p>Eine Daten\u00fcbermittlung in Drittl\u00e4nder findet nicht statt. Serverstandort ist in Deutschland.<\/p>\n\n\n\n<h4>Anspruch Auf Berichtigung<\/h4>\n\n\n\n<p>Sie haben ein Recht auf Berichtigung und\/oder Vervollst\u00e4ndigung gegen\u00fcber dem Verantwortlichen, sofern die verarbeiteten personenbezogenen Daten, die Sie betreffen, unrichtig oder unvollst\u00e4ndig sind. Der Verantwortliche hat die Berichtigung unverz\u00fcglich vorzunehmen.<\/p>\n\n\n\n<p>\nUnter den\nfolgenden Voraussetzungen k\u00f6nnen Sie die Einschr\u00e4nkung der\nVerarbeitung der Sie betreffenden personenbezogenen Daten verlangen:<\/p>\n\n\n\n<p>\n(1) wenn\nSie die Richtigkeit der Sie betreffenden personenbezogenen f\u00fcr eine\nDauer bestreiten, die es dem Verantwortlichen erm\u00f6glicht, die\nRichtigkeit der personenbezogenen Daten zu \u00fcberpr\u00fcfen;<\/p>\n\n\n\n<p>\n(2) die\nVerarbeitung unrechtm\u00e4\u00dfig ist und Sie die L\u00f6schung der\npersonenbezogenen Daten ablehnen und stattdessen die Einschr\u00e4nkung\nder Nutzung der personenbezogenen Daten verlangen;<\/p>\n\n\n\n<p>\n(3) der\nVerantwortliche die personenbezogenen Daten f\u00fcr die Zwecke der\nVerarbeitung nicht l\u00e4nger ben\u00f6tigt, Sie diese jedoch zur\nGeltendmachung, Aus\u00fcbung oder Verteidigung von Rechtsanspr\u00fcchen\nben\u00f6tigen, oder<\/p>\n\n\n\n<p>\n(4) wenn\nSie Widerspruch gegen die Verarbeitung gem\u00e4\u00df Art.&nbsp;21 Abs.&nbsp;1\nDSGVO eingelegt haben und noch nicht feststeht, ob die berechtigten\nGr\u00fcnde des Verantwortlichen gegen\u00fcber Ihren Gr\u00fcnden \u00fcberwiegen.<\/p>\n\n\n\n<p>\nWurde die\nVerarbeitung der Sie betreffenden personenbezogenen Daten\neingeschr\u00e4nkt, d\u00fcrfen diese Daten \u2013 von ihrer Speicherung\nabgesehen \u2013 nur mit Ihrer Einwilligung oder zur Geltendmachung,\nAus\u00fcbung oder Verteidigung von Rechtsanspr\u00fcchen oder zum Schutz der\nRechte einer anderen nat\u00fcrlichen oder juristischen Person oder aus\nGr\u00fcnden eines wichtigen \u00f6ffentlichen Interesses der Union oder\neines Mitgliedstaats verarbeitet werden.<\/p>\n\n\n\n<p>Wurde die Einschr\u00e4nkung der Verarbeitung nach den o.g. Voraussetzungen eingeschr\u00e4nkt, werden Sie von dem Verantwortlichen unterrichtet bevor die Einschr\u00e4nkung aufgehoben wird.<\/p>\n\n\n\n<h4>L\u00f6schungspflicht <\/h4>\n\n\n\n<p>Sie k\u00f6nnen von dem Verantwortlichen verlangen, dass die Sie betreffenden personenbezogenen Daten unverz\u00fcglich gel\u00f6scht werden, und der Verantwortliche ist verpflichtet, diese Daten unverz\u00fcglich zu l\u00f6schen, sofern einer der folgenden Gr\u00fcnde zutrifft:<\/p>\n\n\n\n<p>\n(1) Die\nSie betreffenden personenbezogenen Daten sind f\u00fcr die Zwecke, f\u00fcr\ndie sie erhoben oder auf sonstige Weise verarbeitet wurden, nicht\nmehr notwendig.<\/p>\n\n\n\n<p>\n(2) Sie\nwiderrufen Ihre Einwilligung, auf die sich die Verarbeitung gem.\nArt.&nbsp;6 Abs.&nbsp;1 lit.&nbsp;a oder Art.&nbsp;9 Abs.&nbsp;2\nlit.&nbsp;a DSGVO st\u00fctzte, und es fehlt an einer anderweitigen\nRechtsgrundlage f\u00fcr die Verarbeitung. \n<\/p>\n\n\n\n<p>\n(3) Sie\nlegen gem. Art.&nbsp;21 Abs.&nbsp;1 DSGVO Widerspruch gegen die\nVerarbeitung ein und es liegen keine vorrangigen berechtigten Gr\u00fcnde\nf\u00fcr die Verarbeitung vor, oder Sie legen gem. Art.&nbsp;21 Abs.&nbsp;2\nDSGVO Widerspruch gegen die Verarbeitung ein. \n<\/p>\n\n\n\n<p>\n(4) Die\nSie betreffenden personenbezogenen Daten wurden unrechtm\u00e4\u00dfig\nverarbeitet. \n<\/p>\n\n\n\n<p>\n(5) Die\nL\u00f6schung der Sie betreffenden personenbezogenen Daten ist zur\nErf\u00fcllung einer rechtlichen Verpflichtung nach dem Unionsrecht oder\ndem Recht der Mitgliedstaaten erforderlich, dem der Verantwortliche\nunterliegt. \n<\/p>\n\n\n\n<p>\n(6) Die\nSie betreffenden personenbezogenen Daten wurden in Bezug auf\nangebotene Dienste der Informationsgesellschaft gem\u00e4\u00df Art.&nbsp;8\nAbs.&nbsp;1 DSGVO erhoben.<\/p>\n\n\n\n<h4>Information an Dritte <\/h4>\n\n\n\n<p>Hat der Verantwortliche die Sie betreffenden personenbezogenen Daten \u00f6ffentlich gemacht und ist er gem. Art.&nbsp;17 Abs.&nbsp;1 DSGVO zu deren L\u00f6schung verpflichtet, so trifft er unter Ber\u00fccksichtigung der verf\u00fcgbaren Technologie und der Implementierungskosten angemessene Ma\u00dfnahmen, auch technischer Art, um f\u00fcr die Datenverarbeitung Verantwortliche, die die personenbezogenen Daten verarbeiten, dar\u00fcber zu informieren, dass Sie als betroffene Person von ihnen die L\u00f6schung aller Links zu diesen personenbezogenen Daten oder von Kopien oder Replikationen dieser personenbezogenen Daten verlangt haben.  <\/p>\n\n\n\n<h4>Ausnahmen <\/h4>\n\n\n\n<p>Das Recht auf L\u00f6schung besteht nicht, soweit die Verarbeitung erforderlich ist<\/p>\n\n\n\n<p>\n(1) zur\nAus\u00fcbung des Rechts auf freie Meinungs\u00e4u\u00dferung und Information;<\/p>\n\n\n\n<p>\n(2) zur\nErf\u00fcllung einer rechtlichen Verpflichtung, die die Verarbeitung nach\ndem Recht der Union oder der Mitgliedstaaten, dem der Verantwortliche\nunterliegt, erfordert, oder zur Wahrnehmung einer Aufgabe, die im\n\u00f6ffentlichen Interesse liegt oder in Aus\u00fcbung \u00f6ffentlicher Gewalt\nerfolgt, die dem Verantwortlichen \u00fcbertragen wurde;<\/p>\n\n\n\n<p>\n(3) aus\nGr\u00fcnden des \u00f6ffentlichen Interesses im Bereich der \u00f6ffentlichen\nGesundheit gem\u00e4\u00df Art.&nbsp;9 Abs.&nbsp;2 lit.&nbsp;h und i sowie\nArt.&nbsp;9 Abs.&nbsp;3 DSGVO;<\/p>\n\n\n\n<p>\n(4) f\u00fcr\nim \u00f6ffentlichen Interesse liegende Archivzwecke, wissenschaftliche\noder historische Forschungszwecke oder f\u00fcr statistische Zwecke gem.\nArt.&nbsp;89 Abs.&nbsp;1 DSGVO, soweit das unter Abschnitt a)\ngenannte Recht voraussichtlich die Verwirklichung der Ziele dieser\nVerarbeitung unm\u00f6glich macht oder ernsthaft beeintr\u00e4chtigt, oder<\/p>\n\n\n\n<p>\n(5) zur\nGeltendmachung, Aus\u00fcbung oder Verteidigung von Rechtsanspr\u00fcchen.<\/p>\n\n\n\n<p>\nHaben Sie\ndas Recht auf Berichtigung, L\u00f6schung oder Einschr\u00e4nkung der\nVerarbeitung gegen\u00fcber dem Verantwortlichen geltend gemacht, ist\ndieser verpflichtet, allen Empf\u00e4ngern, denen die Sie betreffenden\npersonenbezogenen Daten offengelegt wurden, diese Berichtigung oder\nL\u00f6schung der Daten oder Einschr\u00e4nkung der Verarbeitung mitzuteilen,\nes sei denn, dies erweist sich als unm\u00f6glich oder ist mit einem\nunverh\u00e4ltnism\u00e4\u00dfigen Aufwand verbunden.<\/p>\n\n\n\n<p>Ihnen steht gegen\u00fcber dem Verantwortlichen das Recht zu, \u00fcber diese Empf\u00e4nger unterrichtet zu werden.<\/p>\n\n\n\n<p>Sie haben das Recht, die Sie betreffenden personenbezogenen Daten, die Sie dem Verantwortlichen bereitgestellt haben, in einem strukturierten, g\u00e4ngigen und maschinenlesbaren Format zu erhalten. Au\u00dferdem haben Sie das Recht diese Daten einem anderen Verantwortlichen ohne Behinderung durch den Verantwortlichen, dem die personenbezogenen Daten bereitgestellt wurden, zu \u00fcbermitteln, sofern<\/p>\n\n\n\n<p> (1) die Verarbeitung auf einer Einwilligung gem. Art.&nbsp;6 Abs.&nbsp;1 lit.&nbsp;a Recht auf Daten\u00fcbertragungDSGVO oder Art.&nbsp;9 Abs.&nbsp;2 lit.&nbsp;a DSGVO oder auf einem Vertrag gem. Art.&nbsp;6 Abs.&nbsp;1 lit.&nbsp;b DSGVO beruht und<\/p>\n\n\n\n<p> (2) die Verarbeitung mithilfe automatisierter Verfahren erfolgt.<\/p>\n\n\n\n<p>8. Recht auf Daten\u00fcbertragung<\/p>\n\n\n\n<h4>Recht auf Daten\u00fcbertragung<\/h4>\n\n\n\n<p>In Aus\u00fcbung dieses Rechts haben Sie ferner das Recht, zu erwirken, dass die Sie betreffenden personenbezogenen Daten direkt von einem Verantwortlichen einem anderen Verantwortlichen \u00fcbermittelt werden, soweit dies technisch machbar ist. Freiheiten und Rechte anderer Personen d\u00fcrfen hierdurch nicht beeintr\u00e4chtigt werden.<\/p>\n\n\n\n<p>Das Recht auf Daten\u00fcbertragbarkeit gilt nicht f\u00fcr eine Verarbeitung personenbezogener Daten, die f\u00fcr die Wahrnehmung einer Aufgabe erforderlich ist, die im \u00f6ffentlichen Interesse liegt oder in Aus\u00fcbung \u00f6ffentlicher Gewalt erfolgt, die dem Verantwortlichen \u00fcbertragen wurde.<\/p>\n\n\n\n<h4>Recht auf Widerspruch<\/h4>\n\n\n\n<p>Sie haben das Recht, aus Gr\u00fcnden, die sich aus ihrer besonderen Situation ergeben, jederzeit gegen die Verarbeitung der Sie betreffenden personenbezogenen Daten, die aufgrund von Art.&nbsp;6 Abs.&nbsp;1 f DSGVO erfolgt (\u00fcberwiegendes Interesse von uns), Widerspruch einzulegen. Ein Profiling durch uns findet nicht statt. <\/p>\n\n\n\n<p>Der Verantwortliche verarbeitet die Sie betreffenden personenbezogenen Daten nicht mehr, es sei denn, er kann zwingende schutzw\u00fcrdige Gr\u00fcnde f\u00fcr die Verarbeitung nachweisen, die Ihre Interessen, Rechte und Freiheiten \u00fcberwiegen, oder die Verarbeitung dient der Geltendmachung, Aus\u00fcbung oder Verteidigung von Rechtsanspr\u00fcchen.<\/p>\n\n\n\n<p>Eine Direktwerbung durch uns findet nicht statt.<\/p>\n\n\n\n<p>Sie haben die M\u00f6glichkeit, im Zusammenhang mit der Nutzung von Diensten der Informationsgesellschaft \u2013 ungeachtet der Richtlinie 2002\/58\/EG \u2013 Ihr Widerspruchsrecht mittels automatisierter Verfahren auszu\u00fcben, bei denen technische Spezifikationen verwendet werden.<\/p>\n\n\n\n<p>Die Erfassung der Daten zur Bereitstellung der Website und die Speicherung der Daten in Logfiles ist f\u00fcr den Betrieb der Internetseite zwingend erforderlich. Es besteht folglich seitens des Nutzers keine Widerspruchsm\u00f6glichkeit.<\/p>\n\n\n\n<h4>Beschwerderecht<\/h4>\n\n\n\n<p>Unbeschadet eines anderweitigen verwaltungsrechtlichen oder gerichtlichen Rechtsbehelfs steht Ihnen das Recht auf Beschwerde bei einer Aufsichtsbeh\u00f6rde, insbesondere in dem Mitgliedstaat ihres Aufenthaltsorts, ihres Arbeitsplatzes oder des Orts des mutma\u00dflichen Versto\u00dfes, zu, wenn Sie der Ansicht sind, dass die Verarbeitung der Sie betreffenden personenbezogenen Daten gegen die DSGVO verst\u00f6\u00dft. Die f\u00fcr uns zust\u00e4ndige Aufsichtsbeh\u00f6rde ist der Landesdatenschutzbeauftragte Baden-W\u00fcrttemberg, die Anrufung einer anderen Datenschutzaufsichtsbeh\u00f6rde ist hierdurch nicht ausgeschlossen. Die Aufsichtsbeh\u00f6rde, bei der die Beschwerde eingereicht wurde, unterrichtet den Beschwerdef\u00fchrer \u00fcber den Stand und die Ergebnisse der Beschwerde einschlie\u00dflich der M\u00f6glichkeit eines gerichtlichen Rechtsbehelfs nach Art.&nbsp;78 DSGVO.<\/p>\n\n\n\n<p>Erstellt von RA Georg Kleine<\/p>\n","protected":false},"excerpt":{"rendered":"<p>Datenschutzerkl\u00e4rung Name und Anschrift des Verantwortlichen Rechtsanw\u00e4lte Kleine GbR Rechtsanwalt Georg Kleine, LL.M.Eisenbahnstra\u00dfe 379346 Endingeninfo (at)kanzlei-endingen.de (bitte ersetzen Sie (at) durch das @-Zeichen) Grunds\u00e4tzlicher Umfang der Verarbeitung personenbezogener Daten Wir verarbeiten personenbezogene Daten unserer Nutzer grunds\u00e4tzlich nur, soweit dies zur Bereitstellung einer funktionsf\u00e4higen Website sowieunserer Inhalte und Leistungen erforderlich ist. Die Verarbeitung personenbezogener Daten unserer [&hellip;]<\/p>\n","protected":false},"author":1,"featured_media":0,"parent":0,"menu_order":0,"comment_status":"closed","ping_status":"closed","template":"","meta":[],"_links":{"self":[{"href":"https:\/\/kanzlei-endingen.de\/blog\/index.php?rest_route=\/wp\/v2\/pages\/10"}],"collection":[{"href":"https:\/\/kanzlei-endingen.de\/blog\/index.php?rest_route=\/wp\/v2\/pages"}],"about":[{"href":"https:\/\/kanzlei-endingen.de\/blog\/index.php?rest_route=\/wp\/v2\/types\/page"}],"author":[{"embeddable":true,"href":"https:\/\/kanzlei-endingen.de\/blog\/index.php?rest_route=\/wp\/v2\/users\/1"}],"replies":[{"embeddable":true,"href":"https:\/\/kanzlei-endingen.de\/blog\/index.php?rest_route=%2Fwp%2Fv2%2Fcomments&post=10"}],"version-history":[{"count":5,"href":"https:\/\/kanzlei-endingen.de\/blog\/index.php?rest_route=\/wp\/v2\/pages\/10\/revisions"}],"predecessor-version":[{"id":255,"href":"https:\/\/kanzlei-endingen.de\/blog\/index.php?rest_route=\/wp\/v2\/pages\/10\/revisions\/255"}],"wp:attachment":[{"href":"https:\/\/kanzlei-endingen.de\/blog\/index.php?rest_route=%2Fwp%2Fv2%2Fmedia&parent=10"}],"curies":[{"name":"wp","href":"https:\/\/api.w.org\/{rel}","templated":true}]}}